{"id":95,"date":"2023-08-29T10:21:07","date_gmt":"2023-08-29T08:21:07","guid":{"rendered":"http:\/\/localhost:10078\/?page_id=95"},"modified":"2026-02-06T09:29:50","modified_gmt":"2026-02-06T08:29:50","slug":"cognac","status":"publish","type":"page","link":"https:\/\/distillerie.kma.studio\/fr\/cognac\/","title":{"rendered":"Cognac"},"content":{"rendered":"","protected":false},"excerpt":{"rendered":"","protected":false},"author":1,"featured_media":0,"parent":0,"menu_order":2,"comment_status":"closed","ping_status":"closed","template":"page-template-cognac.php","meta":{"_acf_changed":false,"footnotes":""},"class_list":["post-95","page","type-page","status-publish","hentry"],"acf":[],"yoast_head":"<!-- This site is optimized with the Yoast SEO Premium plugin v26.6 (Yoast SEO v26.6) - https:\/\/yoast.com\/wordpress\/plugins\/seo\/ -->\n<title>Fournisseur de Cognac en Vrac Premium en France - Distillerie de la Tour<\/title>\n<meta name=\"description\" content=\"Producteur et fournisseur de Cognac en vrac premium en France. Distillation traditionnelle en alambic charentais, capacit\u00e9 de 8 millions de litres, VS, VSOP, XO, assemblages sur mesure, export mondial.\" \/>\n<meta name=\"robots\" content=\"index, follow, max-snippet:-1, max-image-preview:large, max-video-preview:-1\" \/>\n<link rel=\"canonical\" href=\"http:\/\/localhost:10078\/fr\/produits\/cognac-vrac\" \/>\n<meta property=\"og:locale\" content=\"fr_FR\" \/>\n<meta property=\"og:type\" content=\"article\" \/>\n<meta property=\"og:title\" content=\"Fournisseur de Cognac en Vrac Premium de France | Distillerie de la Tour\" \/>\n<meta property=\"og:description\" content=\"Producteur et fournisseur de Cognac en vrac premium en France. Distillation en alambic charentais, capacit\u00e9 de 8 millions de litres, VS, VSOP, XO, assemblages personnalis\u00e9s, export mondial.\" \/>\n<meta property=\"og:url\" content=\"http:\/\/localhost:10078\/fr\/produits\/cognac-vrac\" \/>\n<meta property=\"og:site_name\" content=\"Distillerie de la tour\" \/>\n<meta property=\"article:modified_time\" content=\"2026-02-06T08:29:50+00:00\" \/>\n<meta name=\"twitter:card\" content=\"summary_large_image\" \/>\n<meta name=\"twitter:title\" content=\"Fournisseur de Cognac en Vrac Premium de France | Distillerie de la Tour\" \/>\n<meta name=\"twitter:description\" content=\"Producteur et fournisseur de Cognac en vrac premium en France. Distillation traditionnelle en alambic charentais, capacit\u00e9 de 8 millions de litres, VS, VSOP, XO, assemblages sur mesure, export mondial.\" \/>\n<script type=\"application\/ld+json\" class=\"yoast-schema-graph\">{\"@context\":\"https:\/\/schema.org\",\"@graph\":[{\"@type\":\"WebPage\",\"@id\":\"https:\/\/distillerie.kma.studio\/fr\/cognac\/\",\"url\":\"http:\/\/localhost:10078\/fr\/produits\/cognac-vrac\",\"name\":\"Fournisseur de Cognac en Vrac Premium en France - Distillerie de la Tour\",\"isPartOf\":{\"@id\":\"https:\/\/distillerie.kma.studio\/#website\"},\"datePublished\":\"2023-08-29T08:21:07+00:00\",\"dateModified\":\"2026-02-06T08:29:50+00:00\",\"description\":\"Producteur et fournisseur de Cognac en vrac premium en France. Distillation traditionnelle en alambic charentais, capacit\u00e9 de 8 millions de litres, VS, VSOP, XO, assemblages sur mesure, export mondial.\",\"breadcrumb\":{\"@id\":\"http:\/\/localhost:10078\/fr\/produits\/cognac-vrac#breadcrumb\"},\"inLanguage\":\"fr-FR\",\"potentialAction\":[{\"@type\":\"ReadAction\",\"target\":[\"http:\/\/localhost:10078\/fr\/produits\/cognac-vrac\"]}]},{\"@type\":\"BreadcrumbList\",\"@id\":\"http:\/\/localhost:10078\/fr\/produits\/cognac-vrac#breadcrumb\",\"itemListElement\":[{\"@type\":\"ListItem\",\"position\":1,\"name\":\"Accueil\",\"item\":\"https:\/\/distillerie.kma.studio\/fr\/\"},{\"@type\":\"ListItem\",\"position\":2,\"name\":\"Cognac\"}]},{\"@type\":\"WebSite\",\"@id\":\"https:\/\/distillerie.kma.studio\/#website\",\"url\":\"https:\/\/distillerie.kma.studio\/\",\"name\":\"Distillerie de la tour\",\"description\":\"Distillerie de la Tour - Cr\u00e9ateur fran\u00e7ais de vins et spiritueux depuis 1989 Distillerie de la Tour et l\u2019ensemble de ses collaborateurs \u0153uvrent avec ferveur pour la valorisation durable des productions viticoles aupr\u00e8s des plus grandes marques \u00e0 travers le monde.\",\"potentialAction\":[{\"@type\":\"SearchAction\",\"target\":{\"@type\":\"EntryPoint\",\"urlTemplate\":\"https:\/\/distillerie.kma.studio\/?s={search_term_string}\"},\"query-input\":{\"@type\":\"PropertyValueSpecification\",\"valueRequired\":true,\"valueName\":\"search_term_string\"}}],\"inLanguage\":\"fr-FR\"}]}<\/script>\n<!-- \/ Yoast SEO Premium plugin. -->","yoast_head_json":{"title":"Fournisseur de Cognac en Vrac Premium en France - Distillerie de la Tour","description":"Producteur et fournisseur de Cognac en vrac premium en France. Distillation traditionnelle en alambic charentais, capacit\u00e9 de 8 millions de litres, VS, VSOP, XO, assemblages sur mesure, export mondial.","robots":{"index":"index","follow":"follow","max-snippet":"max-snippet:-1","max-image-preview":"max-image-preview:large","max-video-preview":"max-video-preview:-1"},"canonical":"http:\/\/localhost:10078\/fr\/produits\/cognac-vrac","og_locale":"fr_FR","og_type":"article","og_title":"Fournisseur de Cognac en Vrac Premium de France | Distillerie de la Tour","og_description":"Producteur et fournisseur de Cognac en vrac premium en France. Distillation en alambic charentais, capacit\u00e9 de 8 millions de litres, VS, VSOP, XO, assemblages personnalis\u00e9s, export mondial.","og_url":"http:\/\/localhost:10078\/fr\/produits\/cognac-vrac","og_site_name":"Distillerie de la tour","article_modified_time":"2026-02-06T08:29:50+00:00","twitter_card":"summary_large_image","twitter_title":"Fournisseur de Cognac en Vrac Premium de France | Distillerie de la Tour","twitter_description":"Producteur et fournisseur de Cognac en vrac premium en France. Distillation traditionnelle en alambic charentais, capacit\u00e9 de 8 millions de litres, VS, VSOP, XO, assemblages sur mesure, export mondial.","schema":{"@context":"https:\/\/schema.org","@graph":[{"@type":"WebPage","@id":"https:\/\/distillerie.kma.studio\/fr\/cognac\/","url":"http:\/\/localhost:10078\/fr\/produits\/cognac-vrac","name":"Fournisseur de Cognac en Vrac Premium en France - Distillerie de la Tour","isPartOf":{"@id":"https:\/\/distillerie.kma.studio\/#website"},"datePublished":"2023-08-29T08:21:07+00:00","dateModified":"2026-02-06T08:29:50+00:00","description":"Producteur et fournisseur de Cognac en vrac premium en France. Distillation traditionnelle en alambic charentais, capacit\u00e9 de 8 millions de litres, VS, VSOP, XO, assemblages sur mesure, export mondial.","breadcrumb":{"@id":"http:\/\/localhost:10078\/fr\/produits\/cognac-vrac#breadcrumb"},"inLanguage":"fr-FR","potentialAction":[{"@type":"ReadAction","target":["http:\/\/localhost:10078\/fr\/produits\/cognac-vrac"]}]},{"@type":"BreadcrumbList","@id":"http:\/\/localhost:10078\/fr\/produits\/cognac-vrac#breadcrumb","itemListElement":[{"@type":"ListItem","position":1,"name":"Accueil","item":"https:\/\/distillerie.kma.studio\/fr\/"},{"@type":"ListItem","position":2,"name":"Cognac"}]},{"@type":"WebSite","@id":"https:\/\/distillerie.kma.studio\/#website","url":"https:\/\/distillerie.kma.studio\/","name":"Distillerie de la tour","description":"Distillerie de la Tour - Cr\u00e9ateur fran\u00e7ais de vins et spiritueux depuis 1989 Distillerie de la Tour et l\u2019ensemble de ses collaborateurs \u0153uvrent avec ferveur pour la valorisation durable des productions viticoles aupr\u00e8s des plus grandes marques \u00e0 travers le monde.","potentialAction":[{"@type":"SearchAction","target":{"@type":"EntryPoint","urlTemplate":"https:\/\/distillerie.kma.studio\/?s={search_term_string}"},"query-input":{"@type":"PropertyValueSpecification","valueRequired":true,"valueName":"search_term_string"}}],"inLanguage":"fr-FR"}]}},"_links":{"self":[{"href":"https:\/\/distillerie.kma.studio\/fr\/wp-json\/wp\/v2\/pages\/95","targetHints":{"allow":["GET"]}}],"collection":[{"href":"https:\/\/distillerie.kma.studio\/fr\/wp-json\/wp\/v2\/pages"}],"about":[{"href":"https:\/\/distillerie.kma.studio\/fr\/wp-json\/wp\/v2\/types\/page"}],"author":[{"embeddable":true,"href":"https:\/\/distillerie.kma.studio\/fr\/wp-json\/wp\/v2\/users\/1"}],"replies":[{"embeddable":true,"href":"https:\/\/distillerie.kma.studio\/fr\/wp-json\/wp\/v2\/comments?post=95"}],"version-history":[{"count":12,"href":"https:\/\/distillerie.kma.studio\/fr\/wp-json\/wp\/v2\/pages\/95\/revisions"}],"predecessor-version":[{"id":1227,"href":"https:\/\/distillerie.kma.studio\/fr\/wp-json\/wp\/v2\/pages\/95\/revisions\/1227"}],"wp:attachment":[{"href":"https:\/\/distillerie.kma.studio\/fr\/wp-json\/wp\/v2\/media?parent=95"}],"curies":[{"name":"wp","href":"https:\/\/api.w.org\/{rel}","templated":true}]}}