{"id":6,"date":"2023-07-19T10:46:43","date_gmt":"2023-07-19T08:46:43","guid":{"rendered":"http:\/\/localhost:10078\/?page_id=6"},"modified":"2026-04-13T16:24:24","modified_gmt":"2026-04-13T14:24:24","slug":"accueil","status":"publish","type":"page","link":"https:\/\/distillerie.kma.studio\/fr\/","title":{"rendered":"Accueil"},"content":{"rendered":"","protected":false},"excerpt":{"rendered":"","protected":false},"author":1,"featured_media":0,"parent":0,"menu_order":0,"comment_status":"closed","ping_status":"closed","template":"page-template-accueil.php","meta":{"_acf_changed":false,"footnotes":""},"class_list":["post-6","page","type-page","status-publish","hentry"],"acf":[],"yoast_head":"<!-- This site is optimized with the Yoast SEO Premium plugin v26.6 (Yoast SEO v26.6) - https:\/\/yoast.com\/wordpress\/plugins\/seo\/ -->\n<title>Fournisseur d&#039;alcool en vrac - Distillerie de la tour<\/title>\n<meta name=\"description\" content=\"D\u00e9couvrez l&#039;art de la distillerie de la tour et c\u00e9l\u00e9brez les saveurs riches de leurs boissons exceptionnelles.\" \/>\n<meta name=\"robots\" content=\"index, follow, max-snippet:-1, max-image-preview:large, max-video-preview:-1\" \/>\n<link rel=\"canonical\" href=\"https:\/\/distillerie.kma.studio\/fr\/\" \/>\n<meta property=\"og:locale\" content=\"fr_FR\" \/>\n<meta property=\"og:type\" content=\"article\" \/>\n<meta property=\"og:title\" content=\"Accueil\" \/>\n<meta property=\"og:description\" content=\"D\u00e9couvrez l&#039;art de la distillerie de la tour et c\u00e9l\u00e9brez les saveurs riches de leurs boissons exceptionnelles.\" \/>\n<meta property=\"og:url\" content=\"https:\/\/distillerie.kma.studio\/fr\/\" \/>\n<meta property=\"og:site_name\" content=\"Distillerie de la tour\" \/>\n<meta property=\"article:modified_time\" content=\"2026-04-13T14:24:24+00:00\" \/>\n<meta name=\"twitter:card\" content=\"summary_large_image\" \/>\n<script type=\"application\/ld+json\" class=\"yoast-schema-graph\">{\"@context\":\"https:\/\/schema.org\",\"@graph\":[{\"@type\":\"WebPage\",\"@id\":\"https:\/\/distillerie.kma.studio\/fr\/\",\"url\":\"https:\/\/distillerie.kma.studio\/fr\/\",\"name\":\"Fournisseur d'alcool en vrac - Distillerie de la tour\",\"isPartOf\":{\"@id\":\"https:\/\/distillerie.kma.studio\/#website\"},\"datePublished\":\"2023-07-19T08:46:43+00:00\",\"dateModified\":\"2026-04-13T14:24:24+00:00\",\"description\":\"D\u00e9couvrez l'art de la distillerie de la tour et c\u00e9l\u00e9brez les saveurs riches de leurs boissons exceptionnelles.\",\"breadcrumb\":{\"@id\":\"https:\/\/distillerie.kma.studio\/fr\/#breadcrumb\"},\"inLanguage\":\"fr-FR\",\"potentialAction\":[{\"@type\":\"ReadAction\",\"target\":[\"https:\/\/distillerie.kma.studio\/fr\/\"]}]},{\"@type\":\"BreadcrumbList\",\"@id\":\"https:\/\/distillerie.kma.studio\/fr\/#breadcrumb\",\"itemListElement\":[{\"@type\":\"ListItem\",\"position\":1,\"name\":\"Accueil\",\"item\":\"https:\/\/distillerie.kma.studio\/fr\/\"},{\"@type\":\"ListItem\",\"position\":2,\"name\":\"Accueil\"}]},{\"@type\":\"WebSite\",\"@id\":\"https:\/\/distillerie.kma.studio\/#website\",\"url\":\"https:\/\/distillerie.kma.studio\/\",\"name\":\"Distillerie de la tour\",\"description\":\"Distillerie de la Tour - Cr\u00e9ateur fran\u00e7ais de vins et spiritueux depuis 1989 Distillerie de la Tour et l\u2019ensemble de ses collaborateurs \u0153uvrent avec ferveur pour la valorisation durable des productions viticoles aupr\u00e8s des plus grandes marques \u00e0 travers le monde.\",\"potentialAction\":[{\"@type\":\"SearchAction\",\"target\":{\"@type\":\"EntryPoint\",\"urlTemplate\":\"https:\/\/distillerie.kma.studio\/?s={search_term_string}\"},\"query-input\":{\"@type\":\"PropertyValueSpecification\",\"valueRequired\":true,\"valueName\":\"search_term_string\"}}],\"inLanguage\":\"fr-FR\"}]}<\/script>\n<!-- \/ Yoast SEO Premium plugin. -->","yoast_head_json":{"title":"Fournisseur d'alcool en vrac - Distillerie de la tour","description":"D\u00e9couvrez l'art de la distillerie de la tour et c\u00e9l\u00e9brez les saveurs riches de leurs boissons exceptionnelles.","robots":{"index":"index","follow":"follow","max-snippet":"max-snippet:-1","max-image-preview":"max-image-preview:large","max-video-preview":"max-video-preview:-1"},"canonical":"https:\/\/distillerie.kma.studio\/fr\/","og_locale":"fr_FR","og_type":"article","og_title":"Accueil","og_description":"D\u00e9couvrez l'art de la distillerie de la tour et c\u00e9l\u00e9brez les saveurs riches de leurs boissons exceptionnelles.","og_url":"https:\/\/distillerie.kma.studio\/fr\/","og_site_name":"Distillerie de la tour","article_modified_time":"2026-04-13T14:24:24+00:00","twitter_card":"summary_large_image","schema":{"@context":"https:\/\/schema.org","@graph":[{"@type":"WebPage","@id":"https:\/\/distillerie.kma.studio\/fr\/","url":"https:\/\/distillerie.kma.studio\/fr\/","name":"Fournisseur d'alcool en vrac - Distillerie de la tour","isPartOf":{"@id":"https:\/\/distillerie.kma.studio\/#website"},"datePublished":"2023-07-19T08:46:43+00:00","dateModified":"2026-04-13T14:24:24+00:00","description":"D\u00e9couvrez l'art de la distillerie de la tour et c\u00e9l\u00e9brez les saveurs riches de leurs boissons exceptionnelles.","breadcrumb":{"@id":"https:\/\/distillerie.kma.studio\/fr\/#breadcrumb"},"inLanguage":"fr-FR","potentialAction":[{"@type":"ReadAction","target":["https:\/\/distillerie.kma.studio\/fr\/"]}]},{"@type":"BreadcrumbList","@id":"https:\/\/distillerie.kma.studio\/fr\/#breadcrumb","itemListElement":[{"@type":"ListItem","position":1,"name":"Accueil","item":"https:\/\/distillerie.kma.studio\/fr\/"},{"@type":"ListItem","position":2,"name":"Accueil"}]},{"@type":"WebSite","@id":"https:\/\/distillerie.kma.studio\/#website","url":"https:\/\/distillerie.kma.studio\/","name":"Distillerie de la tour","description":"Distillerie de la Tour - Cr\u00e9ateur fran\u00e7ais de vins et spiritueux depuis 1989 Distillerie de la Tour et l\u2019ensemble de ses collaborateurs \u0153uvrent avec ferveur pour la valorisation durable des productions viticoles aupr\u00e8s des plus grandes marques \u00e0 travers le monde.","potentialAction":[{"@type":"SearchAction","target":{"@type":"EntryPoint","urlTemplate":"https:\/\/distillerie.kma.studio\/?s={search_term_string}"},"query-input":{"@type":"PropertyValueSpecification","valueRequired":true,"valueName":"search_term_string"}}],"inLanguage":"fr-FR"}]}},"_links":{"self":[{"href":"https:\/\/distillerie.kma.studio\/fr\/wp-json\/wp\/v2\/pages\/6","targetHints":{"allow":["GET"]}}],"collection":[{"href":"https:\/\/distillerie.kma.studio\/fr\/wp-json\/wp\/v2\/pages"}],"about":[{"href":"https:\/\/distillerie.kma.studio\/fr\/wp-json\/wp\/v2\/types\/page"}],"author":[{"embeddable":true,"href":"https:\/\/distillerie.kma.studio\/fr\/wp-json\/wp\/v2\/users\/1"}],"replies":[{"embeddable":true,"href":"https:\/\/distillerie.kma.studio\/fr\/wp-json\/wp\/v2\/comments?post=6"}],"version-history":[{"count":62,"href":"https:\/\/distillerie.kma.studio\/fr\/wp-json\/wp\/v2\/pages\/6\/revisions"}],"predecessor-version":[{"id":1334,"href":"https:\/\/distillerie.kma.studio\/fr\/wp-json\/wp\/v2\/pages\/6\/revisions\/1334"}],"wp:attachment":[{"href":"https:\/\/distillerie.kma.studio\/fr\/wp-json\/wp\/v2\/media?parent=6"}],"curies":[{"name":"wp","href":"https:\/\/api.w.org\/{rel}","templated":true}]}}