{"id":330,"date":"2023-11-14T10:47:14","date_gmt":"2023-11-14T09:47:14","guid":{"rendered":"http:\/\/localhost:10078\/?page_id=330"},"modified":"2026-04-13T16:19:20","modified_gmt":"2026-04-13T14:19:20","slug":"nos-engagements","status":"publish","type":"page","link":"https:\/\/distillerie.kma.studio\/fr\/nos-engagements\/","title":{"rendered":"Nos engagements &#038; d\u00e9marches"},"content":{"rendered":"","protected":false},"excerpt":{"rendered":"","protected":false},"author":1,"featured_media":0,"parent":0,"menu_order":0,"comment_status":"closed","ping_status":"closed","template":"page-template-engagement.php","meta":{"_acf_changed":false,"footnotes":""},"class_list":["post-330","page","type-page","status-publish","hentry"],"acf":[],"yoast_head":"<!-- This site is optimized with the Yoast SEO Premium plugin v26.6 (Yoast SEO v26.6) - https:\/\/yoast.com\/wordpress\/plugins\/seo\/ -->\n<title>Nos engagements &amp; d\u00e9marches - Distillerie de la tour<\/title>\n<meta name=\"robots\" content=\"index, follow, max-snippet:-1, max-image-preview:large, max-video-preview:-1\" \/>\n<link rel=\"canonical\" href=\"https:\/\/distillerie.kma.studio\/fr\/nos-engagements\/\" \/>\n<meta property=\"og:locale\" content=\"fr_FR\" \/>\n<meta property=\"og:type\" content=\"article\" \/>\n<meta property=\"og:title\" content=\"Nos engagements &amp; d\u00e9marches\" \/>\n<meta property=\"og:url\" content=\"https:\/\/distillerie.kma.studio\/fr\/nos-engagements\/\" \/>\n<meta property=\"og:site_name\" content=\"Distillerie de la tour\" \/>\n<meta property=\"article:modified_time\" content=\"2026-04-13T14:19:20+00:00\" \/>\n<meta name=\"twitter:card\" content=\"summary_large_image\" \/>\n<script type=\"application\/ld+json\" class=\"yoast-schema-graph\">{\"@context\":\"https:\/\/schema.org\",\"@graph\":[{\"@type\":\"WebPage\",\"@id\":\"https:\/\/distillerie.kma.studio\/fr\/nos-engagements\/\",\"url\":\"https:\/\/distillerie.kma.studio\/fr\/nos-engagements\/\",\"name\":\"Nos engagements & d\u00e9marches - Distillerie de la tour\",\"isPartOf\":{\"@id\":\"https:\/\/distillerie.kma.studio\/#website\"},\"datePublished\":\"2023-11-14T09:47:14+00:00\",\"dateModified\":\"2026-04-13T14:19:20+00:00\",\"breadcrumb\":{\"@id\":\"https:\/\/distillerie.kma.studio\/fr\/nos-engagements\/#breadcrumb\"},\"inLanguage\":\"fr-FR\",\"potentialAction\":[{\"@type\":\"ReadAction\",\"target\":[\"https:\/\/distillerie.kma.studio\/fr\/nos-engagements\/\"]}]},{\"@type\":\"BreadcrumbList\",\"@id\":\"https:\/\/distillerie.kma.studio\/fr\/nos-engagements\/#breadcrumb\",\"itemListElement\":[{\"@type\":\"ListItem\",\"position\":1,\"name\":\"Accueil\",\"item\":\"https:\/\/distillerie.kma.studio\/fr\/\"},{\"@type\":\"ListItem\",\"position\":2,\"name\":\"Nos engagements &#038; d\u00e9marches\"}]},{\"@type\":\"WebSite\",\"@id\":\"https:\/\/distillerie.kma.studio\/#website\",\"url\":\"https:\/\/distillerie.kma.studio\/\",\"name\":\"Distillerie de la tour\",\"description\":\"Distillerie de la Tour - Cr\u00e9ateur fran\u00e7ais de vins et spiritueux depuis 1989 Distillerie de la Tour et l\u2019ensemble de ses collaborateurs \u0153uvrent avec ferveur pour la valorisation durable des productions viticoles aupr\u00e8s des plus grandes marques \u00e0 travers le monde.\",\"potentialAction\":[{\"@type\":\"SearchAction\",\"target\":{\"@type\":\"EntryPoint\",\"urlTemplate\":\"https:\/\/distillerie.kma.studio\/?s={search_term_string}\"},\"query-input\":{\"@type\":\"PropertyValueSpecification\",\"valueRequired\":true,\"valueName\":\"search_term_string\"}}],\"inLanguage\":\"fr-FR\"}]}<\/script>\n<!-- \/ Yoast SEO Premium plugin. -->","yoast_head_json":{"title":"Nos engagements & d\u00e9marches - Distillerie de la tour","robots":{"index":"index","follow":"follow","max-snippet":"max-snippet:-1","max-image-preview":"max-image-preview:large","max-video-preview":"max-video-preview:-1"},"canonical":"https:\/\/distillerie.kma.studio\/fr\/nos-engagements\/","og_locale":"fr_FR","og_type":"article","og_title":"Nos engagements & d\u00e9marches","og_url":"https:\/\/distillerie.kma.studio\/fr\/nos-engagements\/","og_site_name":"Distillerie de la tour","article_modified_time":"2026-04-13T14:19:20+00:00","twitter_card":"summary_large_image","schema":{"@context":"https:\/\/schema.org","@graph":[{"@type":"WebPage","@id":"https:\/\/distillerie.kma.studio\/fr\/nos-engagements\/","url":"https:\/\/distillerie.kma.studio\/fr\/nos-engagements\/","name":"Nos engagements & d\u00e9marches - Distillerie de la tour","isPartOf":{"@id":"https:\/\/distillerie.kma.studio\/#website"},"datePublished":"2023-11-14T09:47:14+00:00","dateModified":"2026-04-13T14:19:20+00:00","breadcrumb":{"@id":"https:\/\/distillerie.kma.studio\/fr\/nos-engagements\/#breadcrumb"},"inLanguage":"fr-FR","potentialAction":[{"@type":"ReadAction","target":["https:\/\/distillerie.kma.studio\/fr\/nos-engagements\/"]}]},{"@type":"BreadcrumbList","@id":"https:\/\/distillerie.kma.studio\/fr\/nos-engagements\/#breadcrumb","itemListElement":[{"@type":"ListItem","position":1,"name":"Accueil","item":"https:\/\/distillerie.kma.studio\/fr\/"},{"@type":"ListItem","position":2,"name":"Nos engagements &#038; d\u00e9marches"}]},{"@type":"WebSite","@id":"https:\/\/distillerie.kma.studio\/#website","url":"https:\/\/distillerie.kma.studio\/","name":"Distillerie de la tour","description":"Distillerie de la Tour - Cr\u00e9ateur fran\u00e7ais de vins et spiritueux depuis 1989 Distillerie de la Tour et l\u2019ensemble de ses collaborateurs \u0153uvrent avec ferveur pour la valorisation durable des productions viticoles aupr\u00e8s des plus grandes marques \u00e0 travers le monde.","potentialAction":[{"@type":"SearchAction","target":{"@type":"EntryPoint","urlTemplate":"https:\/\/distillerie.kma.studio\/?s={search_term_string}"},"query-input":{"@type":"PropertyValueSpecification","valueRequired":true,"valueName":"search_term_string"}}],"inLanguage":"fr-FR"}]}},"_links":{"self":[{"href":"https:\/\/distillerie.kma.studio\/fr\/wp-json\/wp\/v2\/pages\/330","targetHints":{"allow":["GET"]}}],"collection":[{"href":"https:\/\/distillerie.kma.studio\/fr\/wp-json\/wp\/v2\/pages"}],"about":[{"href":"https:\/\/distillerie.kma.studio\/fr\/wp-json\/wp\/v2\/types\/page"}],"author":[{"embeddable":true,"href":"https:\/\/distillerie.kma.studio\/fr\/wp-json\/wp\/v2\/users\/1"}],"replies":[{"embeddable":true,"href":"https:\/\/distillerie.kma.studio\/fr\/wp-json\/wp\/v2\/comments?post=330"}],"version-history":[{"count":42,"href":"https:\/\/distillerie.kma.studio\/fr\/wp-json\/wp\/v2\/pages\/330\/revisions"}],"predecessor-version":[{"id":1333,"href":"https:\/\/distillerie.kma.studio\/fr\/wp-json\/wp\/v2\/pages\/330\/revisions\/1333"}],"wp:attachment":[{"href":"https:\/\/distillerie.kma.studio\/fr\/wp-json\/wp\/v2\/media?parent=330"}],"curies":[{"name":"wp","href":"https:\/\/api.w.org\/{rel}","templated":true}]}}