{"id":206,"date":"2023-10-17T10:15:58","date_gmt":"2023-10-17T08:15:58","guid":{"rendered":"http:\/\/localhost:10078\/?page_id=206"},"modified":"2024-09-30T12:17:20","modified_gmt":"2024-09-30T10:17:20","slug":"politique-de-confidentialite","status":"publish","type":"page","link":"https:\/\/distillerie.kma.studio\/fr\/politique-de-confidentialite\/","title":{"rendered":"Politique de confidentialit\u00e9"},"content":{"rendered":"","protected":false},"excerpt":{"rendered":"","protected":false},"author":1,"featured_media":0,"parent":0,"menu_order":0,"comment_status":"closed","ping_status":"closed","template":"page-template-confidentialite.php","meta":{"_acf_changed":false,"footnotes":""},"class_list":["post-206","page","type-page","status-publish","hentry"],"acf":[],"yoast_head":"<!-- This site is optimized with the Yoast SEO Premium plugin v26.6 (Yoast SEO v26.6) - https:\/\/yoast.com\/wordpress\/plugins\/seo\/ -->\n<title>Politique de confidentialit\u00e9 - Distillerie de la tour<\/title>\n<meta name=\"robots\" content=\"index, follow, max-snippet:-1, max-image-preview:large, max-video-preview:-1\" \/>\n<link rel=\"canonical\" href=\"https:\/\/distillerie.kma.studio\/fr\/politique-de-confidentialite\/\" \/>\n<meta property=\"og:locale\" content=\"fr_FR\" \/>\n<meta property=\"og:type\" content=\"article\" \/>\n<meta property=\"og:title\" content=\"Politique de confidentialit\u00e9\" \/>\n<meta property=\"og:url\" content=\"https:\/\/distillerie.kma.studio\/fr\/politique-de-confidentialite\/\" \/>\n<meta property=\"og:site_name\" content=\"Distillerie de la tour\" \/>\n<meta property=\"article:modified_time\" content=\"2024-09-30T10:17:20+00:00\" \/>\n<meta name=\"twitter:card\" content=\"summary_large_image\" \/>\n<script type=\"application\/ld+json\" class=\"yoast-schema-graph\">{\"@context\":\"https:\/\/schema.org\",\"@graph\":[{\"@type\":\"WebPage\",\"@id\":\"https:\/\/distillerie.kma.studio\/fr\/politique-de-confidentialite\/\",\"url\":\"https:\/\/distillerie.kma.studio\/fr\/politique-de-confidentialite\/\",\"name\":\"Politique de confidentialit\u00e9 - Distillerie de la tour\",\"isPartOf\":{\"@id\":\"https:\/\/distillerie.kma.studio\/#website\"},\"datePublished\":\"2023-10-17T08:15:58+00:00\",\"dateModified\":\"2024-09-30T10:17:20+00:00\",\"breadcrumb\":{\"@id\":\"https:\/\/distillerie.kma.studio\/fr\/politique-de-confidentialite\/#breadcrumb\"},\"inLanguage\":\"fr-FR\",\"potentialAction\":[{\"@type\":\"ReadAction\",\"target\":[\"https:\/\/distillerie.kma.studio\/fr\/politique-de-confidentialite\/\"]}]},{\"@type\":\"BreadcrumbList\",\"@id\":\"https:\/\/distillerie.kma.studio\/fr\/politique-de-confidentialite\/#breadcrumb\",\"itemListElement\":[{\"@type\":\"ListItem\",\"position\":1,\"name\":\"Accueil\",\"item\":\"https:\/\/distillerie.kma.studio\/fr\/\"},{\"@type\":\"ListItem\",\"position\":2,\"name\":\"Politique de confidentialit\u00e9\"}]},{\"@type\":\"WebSite\",\"@id\":\"https:\/\/distillerie.kma.studio\/#website\",\"url\":\"https:\/\/distillerie.kma.studio\/\",\"name\":\"Distillerie de la tour\",\"description\":\"Distillerie de la Tour - Cr\u00e9ateur fran\u00e7ais de vins et spiritueux depuis 1989 Distillerie de la Tour et l\u2019ensemble de ses collaborateurs \u0153uvrent avec ferveur pour la valorisation durable des productions viticoles aupr\u00e8s des plus grandes marques \u00e0 travers le monde.\",\"potentialAction\":[{\"@type\":\"SearchAction\",\"target\":{\"@type\":\"EntryPoint\",\"urlTemplate\":\"https:\/\/distillerie.kma.studio\/?s={search_term_string}\"},\"query-input\":{\"@type\":\"PropertyValueSpecification\",\"valueRequired\":true,\"valueName\":\"search_term_string\"}}],\"inLanguage\":\"fr-FR\"}]}<\/script>\n<!-- \/ Yoast SEO Premium plugin. -->","yoast_head_json":{"title":"Politique de confidentialit\u00e9 - Distillerie de la tour","robots":{"index":"index","follow":"follow","max-snippet":"max-snippet:-1","max-image-preview":"max-image-preview:large","max-video-preview":"max-video-preview:-1"},"canonical":"https:\/\/distillerie.kma.studio\/fr\/politique-de-confidentialite\/","og_locale":"fr_FR","og_type":"article","og_title":"Politique de confidentialit\u00e9","og_url":"https:\/\/distillerie.kma.studio\/fr\/politique-de-confidentialite\/","og_site_name":"Distillerie de la tour","article_modified_time":"2024-09-30T10:17:20+00:00","twitter_card":"summary_large_image","schema":{"@context":"https:\/\/schema.org","@graph":[{"@type":"WebPage","@id":"https:\/\/distillerie.kma.studio\/fr\/politique-de-confidentialite\/","url":"https:\/\/distillerie.kma.studio\/fr\/politique-de-confidentialite\/","name":"Politique de confidentialit\u00e9 - Distillerie de la tour","isPartOf":{"@id":"https:\/\/distillerie.kma.studio\/#website"},"datePublished":"2023-10-17T08:15:58+00:00","dateModified":"2024-09-30T10:17:20+00:00","breadcrumb":{"@id":"https:\/\/distillerie.kma.studio\/fr\/politique-de-confidentialite\/#breadcrumb"},"inLanguage":"fr-FR","potentialAction":[{"@type":"ReadAction","target":["https:\/\/distillerie.kma.studio\/fr\/politique-de-confidentialite\/"]}]},{"@type":"BreadcrumbList","@id":"https:\/\/distillerie.kma.studio\/fr\/politique-de-confidentialite\/#breadcrumb","itemListElement":[{"@type":"ListItem","position":1,"name":"Accueil","item":"https:\/\/distillerie.kma.studio\/fr\/"},{"@type":"ListItem","position":2,"name":"Politique de confidentialit\u00e9"}]},{"@type":"WebSite","@id":"https:\/\/distillerie.kma.studio\/#website","url":"https:\/\/distillerie.kma.studio\/","name":"Distillerie de la tour","description":"Distillerie de la Tour - Cr\u00e9ateur fran\u00e7ais de vins et spiritueux depuis 1989 Distillerie de la Tour et l\u2019ensemble de ses collaborateurs \u0153uvrent avec ferveur pour la valorisation durable des productions viticoles aupr\u00e8s des plus grandes marques \u00e0 travers le monde.","potentialAction":[{"@type":"SearchAction","target":{"@type":"EntryPoint","urlTemplate":"https:\/\/distillerie.kma.studio\/?s={search_term_string}"},"query-input":{"@type":"PropertyValueSpecification","valueRequired":true,"valueName":"search_term_string"}}],"inLanguage":"fr-FR"}]}},"_links":{"self":[{"href":"https:\/\/distillerie.kma.studio\/fr\/wp-json\/wp\/v2\/pages\/206","targetHints":{"allow":["GET"]}}],"collection":[{"href":"https:\/\/distillerie.kma.studio\/fr\/wp-json\/wp\/v2\/pages"}],"about":[{"href":"https:\/\/distillerie.kma.studio\/fr\/wp-json\/wp\/v2\/types\/page"}],"author":[{"embeddable":true,"href":"https:\/\/distillerie.kma.studio\/fr\/wp-json\/wp\/v2\/users\/1"}],"replies":[{"embeddable":true,"href":"https:\/\/distillerie.kma.studio\/fr\/wp-json\/wp\/v2\/comments?post=206"}],"version-history":[{"count":2,"href":"https:\/\/distillerie.kma.studio\/fr\/wp-json\/wp\/v2\/pages\/206\/revisions"}],"predecessor-version":[{"id":916,"href":"https:\/\/distillerie.kma.studio\/fr\/wp-json\/wp\/v2\/pages\/206\/revisions\/916"}],"wp:attachment":[{"href":"https:\/\/distillerie.kma.studio\/fr\/wp-json\/wp\/v2\/media?parent=206"}],"curies":[{"name":"wp","href":"https:\/\/api.w.org\/{rel}","templated":true}]}}