{"id":16,"date":"2023-07-27T11:37:24","date_gmt":"2023-07-27T09:37:24","guid":{"rendered":"http:\/\/localhost:10078\/?page_id=16"},"modified":"2024-03-20T10:25:00","modified_gmt":"2024-03-20T09:25:00","slug":"contact","status":"publish","type":"page","link":"https:\/\/distillerie.kma.studio\/fr\/contact\/","title":{"rendered":"Contact"},"content":{"rendered":"","protected":false},"excerpt":{"rendered":"","protected":false},"author":1,"featured_media":0,"parent":0,"menu_order":0,"comment_status":"closed","ping_status":"closed","template":"page-template-contact.php","meta":{"_acf_changed":false,"footnotes":""},"class_list":["post-16","page","type-page","status-publish","hentry"],"acf":[],"yoast_head":"<!-- This site is optimized with the Yoast SEO Premium plugin v26.6 (Yoast SEO v26.6) - https:\/\/yoast.com\/wordpress\/plugins\/seo\/ -->\n<title>Contact Distillerie de la Tour | Bulk Wines &amp; Spirits Supplier.<\/title>\n<meta name=\"description\" content=\"Contact Distillerie de la Tour for bulk wine &amp; bulk spirits. Share your product interest, packaging format and target volumes, our team will reach out with a tailored proposal.\" \/>\n<meta name=\"robots\" content=\"index, follow, max-snippet:-1, max-image-preview:large, max-video-preview:-1\" \/>\n<link rel=\"canonical\" href=\"https:\/\/distillerie-de-la-tour.com\/en\/contact\/\" \/>\n<meta property=\"og:locale\" content=\"fr_FR\" \/>\n<meta property=\"og:type\" content=\"article\" \/>\n<meta property=\"og:title\" content=\"Contact\" \/>\n<meta property=\"og:description\" content=\"Contact Distillerie de la Tour for bulk wine &amp; bulk spirits. Share your product interest, packaging format and target volumes, our team will reach out with a tailored proposal.\" \/>\n<meta property=\"og:url\" content=\"https:\/\/distillerie-de-la-tour.com\/en\/contact\/\" \/>\n<meta property=\"og:site_name\" content=\"Distillerie de la tour\" \/>\n<meta property=\"article:modified_time\" content=\"2024-03-20T09:25:00+00:00\" \/>\n<meta name=\"twitter:card\" content=\"summary_large_image\" \/>\n<script type=\"application\/ld+json\" class=\"yoast-schema-graph\">{\"@context\":\"https:\/\/schema.org\",\"@graph\":[{\"@type\":\"WebPage\",\"@id\":\"https:\/\/distillerie.kma.studio\/fr\/contact\/\",\"url\":\"https:\/\/distillerie-de-la-tour.com\/en\/contact\/\",\"name\":\"Contact Distillerie de la Tour | Bulk Wines & Spirits Supplier.\",\"isPartOf\":{\"@id\":\"https:\/\/distillerie.kma.studio\/#website\"},\"datePublished\":\"2023-07-27T09:37:24+00:00\",\"dateModified\":\"2024-03-20T09:25:00+00:00\",\"description\":\"Contact Distillerie de la Tour for bulk wine & bulk spirits. Share your product interest, packaging format and target volumes, our team will reach out with a tailored proposal.\",\"breadcrumb\":{\"@id\":\"https:\/\/distillerie-de-la-tour.com\/en\/contact\/#breadcrumb\"},\"inLanguage\":\"fr-FR\",\"potentialAction\":[{\"@type\":\"ReadAction\",\"target\":[\"https:\/\/distillerie-de-la-tour.com\/en\/contact\/\"]}]},{\"@type\":\"BreadcrumbList\",\"@id\":\"https:\/\/distillerie-de-la-tour.com\/en\/contact\/#breadcrumb\",\"itemListElement\":[{\"@type\":\"ListItem\",\"position\":1,\"name\":\"Accueil\",\"item\":\"https:\/\/distillerie.kma.studio\/fr\/\"},{\"@type\":\"ListItem\",\"position\":2,\"name\":\"Contact\"}]},{\"@type\":\"WebSite\",\"@id\":\"https:\/\/distillerie.kma.studio\/#website\",\"url\":\"https:\/\/distillerie.kma.studio\/\",\"name\":\"Distillerie de la tour\",\"description\":\"Distillerie de la Tour - Cr\u00e9ateur fran\u00e7ais de vins et spiritueux depuis 1989 Distillerie de la Tour et l\u2019ensemble de ses collaborateurs \u0153uvrent avec ferveur pour la valorisation durable des productions viticoles aupr\u00e8s des plus grandes marques \u00e0 travers le monde.\",\"potentialAction\":[{\"@type\":\"SearchAction\",\"target\":{\"@type\":\"EntryPoint\",\"urlTemplate\":\"https:\/\/distillerie.kma.studio\/?s={search_term_string}\"},\"query-input\":{\"@type\":\"PropertyValueSpecification\",\"valueRequired\":true,\"valueName\":\"search_term_string\"}}],\"inLanguage\":\"fr-FR\"}]}<\/script>\n<!-- \/ Yoast SEO Premium plugin. -->","yoast_head_json":{"title":"Contact Distillerie de la Tour | Bulk Wines & Spirits Supplier.","description":"Contact Distillerie de la Tour for bulk wine & bulk spirits. Share your product interest, packaging format and target volumes, our team will reach out with a tailored proposal.","robots":{"index":"index","follow":"follow","max-snippet":"max-snippet:-1","max-image-preview":"max-image-preview:large","max-video-preview":"max-video-preview:-1"},"canonical":"https:\/\/distillerie-de-la-tour.com\/en\/contact\/","og_locale":"fr_FR","og_type":"article","og_title":"Contact","og_description":"Contact Distillerie de la Tour for bulk wine & bulk spirits. Share your product interest, packaging format and target volumes, our team will reach out with a tailored proposal.","og_url":"https:\/\/distillerie-de-la-tour.com\/en\/contact\/","og_site_name":"Distillerie de la tour","article_modified_time":"2024-03-20T09:25:00+00:00","twitter_card":"summary_large_image","schema":{"@context":"https:\/\/schema.org","@graph":[{"@type":"WebPage","@id":"https:\/\/distillerie.kma.studio\/fr\/contact\/","url":"https:\/\/distillerie-de-la-tour.com\/en\/contact\/","name":"Contact Distillerie de la Tour | Bulk Wines & Spirits Supplier.","isPartOf":{"@id":"https:\/\/distillerie.kma.studio\/#website"},"datePublished":"2023-07-27T09:37:24+00:00","dateModified":"2024-03-20T09:25:00+00:00","description":"Contact Distillerie de la Tour for bulk wine & bulk spirits. Share your product interest, packaging format and target volumes, our team will reach out with a tailored proposal.","breadcrumb":{"@id":"https:\/\/distillerie-de-la-tour.com\/en\/contact\/#breadcrumb"},"inLanguage":"fr-FR","potentialAction":[{"@type":"ReadAction","target":["https:\/\/distillerie-de-la-tour.com\/en\/contact\/"]}]},{"@type":"BreadcrumbList","@id":"https:\/\/distillerie-de-la-tour.com\/en\/contact\/#breadcrumb","itemListElement":[{"@type":"ListItem","position":1,"name":"Accueil","item":"https:\/\/distillerie.kma.studio\/fr\/"},{"@type":"ListItem","position":2,"name":"Contact"}]},{"@type":"WebSite","@id":"https:\/\/distillerie.kma.studio\/#website","url":"https:\/\/distillerie.kma.studio\/","name":"Distillerie de la tour","description":"Distillerie de la Tour - Cr\u00e9ateur fran\u00e7ais de vins et spiritueux depuis 1989 Distillerie de la Tour et l\u2019ensemble de ses collaborateurs \u0153uvrent avec ferveur pour la valorisation durable des productions viticoles aupr\u00e8s des plus grandes marques \u00e0 travers le monde.","potentialAction":[{"@type":"SearchAction","target":{"@type":"EntryPoint","urlTemplate":"https:\/\/distillerie.kma.studio\/?s={search_term_string}"},"query-input":{"@type":"PropertyValueSpecification","valueRequired":true,"valueName":"search_term_string"}}],"inLanguage":"fr-FR"}]}},"_links":{"self":[{"href":"https:\/\/distillerie.kma.studio\/fr\/wp-json\/wp\/v2\/pages\/16","targetHints":{"allow":["GET"]}}],"collection":[{"href":"https:\/\/distillerie.kma.studio\/fr\/wp-json\/wp\/v2\/pages"}],"about":[{"href":"https:\/\/distillerie.kma.studio\/fr\/wp-json\/wp\/v2\/types\/page"}],"author":[{"embeddable":true,"href":"https:\/\/distillerie.kma.studio\/fr\/wp-json\/wp\/v2\/users\/1"}],"replies":[{"embeddable":true,"href":"https:\/\/distillerie.kma.studio\/fr\/wp-json\/wp\/v2\/comments?post=16"}],"version-history":[{"count":8,"href":"https:\/\/distillerie.kma.studio\/fr\/wp-json\/wp\/v2\/pages\/16\/revisions"}],"predecessor-version":[{"id":610,"href":"https:\/\/distillerie.kma.studio\/fr\/wp-json\/wp\/v2\/pages\/16\/revisions\/610"}],"wp:attachment":[{"href":"https:\/\/distillerie.kma.studio\/fr\/wp-json\/wp\/v2\/media?parent=16"}],"curies":[{"name":"wp","href":"https:\/\/api.w.org\/{rel}","templated":true}]}}